{"id":820,"date":"2018-05-20T00:38:19","date_gmt":"2018-05-19T22:38:19","guid":{"rendered":"https:\/\/www.travoli.eu\/disclaimer\/"},"modified":"2022-06-12T14:40:22","modified_gmt":"2022-06-12T12:40:22","slug":"disclaimer","status":"publish","type":"page","link":"https:\/\/www.travoli.eu\/ro\/disclaimer\/","title":{"rendered":"Disclaimer"},"content":{"rendered":"<p>[et_pb_section fb_built=&#8221;1&#8243; _builder_version=&#8221;4.16&#8243; background_color=&#8221;#000000&#8243; global_colors_info=&#8221;{}&#8221;][et_pb_row _builder_version=&#8221;4.16&#8243; background_color=&#8221;#000000&#8243; background_size=&#8221;initial&#8221; background_position=&#8221;top_left&#8221; background_repeat=&#8221;repeat&#8221; custom_padding=&#8221;18px|0px|12px|0px&#8221; global_colors_info=&#8221;{}&#8221;][et_pb_column type=&#8221;4_4&#8243; _builder_version=&#8221;4.16&#8243; background_color=&#8221;#000000&#8243; custom_padding=&#8221;|||&#8221; global_colors_info=&#8221;{}&#8221; custom_padding__hover=&#8221;|||&#8221;][et_pb_text _builder_version=&#8221;4.17.4&#8243; text_font=&#8221;||||||||&#8221; text_line_height=&#8221;1.4em&#8221; header_font=&#8221;||||||||&#8221; background_size=&#8221;initial&#8221; background_position=&#8221;top_left&#8221; background_repeat=&#8221;repeat&#8221; background_layout=&#8221;dark&#8221; text_line_height_tablet=&#8221;1.4em&#8221; text_line_height_phone=&#8221;1.4em&#8221; text_line_height_last_edited=&#8221;on|phone&#8221; header_font_size_tablet=&#8221;24px&#8221; header_font_size_phone=&#8221;20px&#8221; header_font_size_last_edited=&#8221;on|desktop&#8221; global_colors_info=&#8221;{}&#8221;]<\/p>\n<div id=\"page\" class=\"hfeed site\">\n<header id=\"masthead\" class=\"site-header\" role=\"banner\">\n<h1 class=\"col-full\"><span style=\"font-size: 30px;\"><strong><span style=\"color: #ffffff;\">\u00a0<\/span><\/strong><\/span><\/h1>\n<h1 class=\"col-full\"><strong>Travoli GCV<\/strong><\/h1>\n<h1 class=\"col-full\"><strong>Website Disclaimer &amp; Privacy<\/strong><\/h1>\n<p>&nbsp;<\/p>\n<p><strong style=\"font-size: 22px;\">Adresgegevens :<\/strong><\/p>\n<\/header>\n<div id=\"content\" class=\"site-content\" tabindex=\"-1\">\n<div class=\"col-full\">\n<div id=\"primary\" class=\"content-area\">\n<article id=\"post-94\" class=\"post-94 page type-page status-publish hentry\">\n<div class=\"entry-content\">\n<address class=\"bp-contact-card\">\n<div class=\"bp-name\">Travoli GCV<\/div>\n<div class=\"bp-address\">Nachtegaalslaan 26<br \/>1820 Melsbroek<\/div>\n<\/address>\n<p>Ondernemingsnummer:\u00a0 BE 0653 905 308<\/p>\n<p>Door de toegang tot en het gebruik van de website verklaart u zich uitdrukkelijk akkoord met de volgende algemene voorwaarden.<\/p>\n<h3><strong>Intellectuele eigendomsrechten<\/strong><\/h3>\n<p>De inhoud van deze site, met inbegrip van de merken, logo\u2019s, tekeningen, data, product- of bedrijfsnamen, teksten, beelden e.d. zijn beschermd door intellectuele rechten en behoren toe aan Travoli GCV of rechthoudende derden.<\/p>\n<h3><strong>Beperking van aansprakelijkheid<\/strong><\/h3>\n<p>De informatie op de website is van algemene aard. De informatie is niet aangepast aan persoonlijke of specifieke omstandigheden, en kan dus niet als een persoonlijk, professioneel of juridisch advies aan de gebruiker worden beschouwd.<\/p>\n<p><em>Travoli GCV\u00a0<\/em>levert grote inspanningen opdat de ter beschikking gestelde informatie volledig, juist, nauwkeurig en bijgewerkt zou zijn. Ondanks deze inspanningen kunnen onjuistheden zich voordoen in de ter beschikking gestelde informatie. Indien de verstrekte informatie onjuistheden zou bevatten of indien bepaalde informatie op of via de site onbeschikbaar zou zijn, zal <em>Travoli GCV<\/em> de grootst mogelijke inspanning leveren om dit zo snel mogelijk recht te zetten.<\/p>\n<p><em>Travoli GCV\u00a0<\/em>kan evenwel niet aansprakelijk worden gesteld voor rechtstreekse of onrechtstreekse schade die onstaat uit het gebruik van de informatie op deze site.<\/p>\n<p>Indien u onjuistheden zou vaststellen in de informatie die via de site ter beschikking wordt gesteld, kan u de beheerder van de site contacteren.<\/p>\n<p>De inhoud van de site (links inbegrepen) kan te allen tijde zonder aankondiging of kennisgeving aangepast, gewijzigd of aangevuld worden. <em>Travoli GCV<\/em> geeft geen garanties voor de goede werking van de website en kan op geen enkele wijze aansprakelijk gehouden worden voor een slechte werking of tijdelijke (on)beschikbaarheid van de website of voor enige vorm van schade, rechtstreekse of onrechtstreekse, die zou voortvloeien uit de toegang tot of het gebruik van de website.<\/p>\n<p><em>Travoli GCV\u00a0<\/em>kan in geen geval tegenover wie dan ook, op directe of indirecte, bijzondere of andere wijze aansprakelijk worden gesteld voor schade te wijten aan het gebruik van deze site of van een andere, inzonderheid als gevolg van links of hyperlinks, met inbegrip, zonder beperking, van alle verliezen, werkonderbrekingen, beschadiging van programma\u2019s of andere gegevens op het computersysteem, van apparatuur, programmatuur of andere van de gebruiker.<\/p>\n<p>De website kan hyperlinks bevatten naar websites of pagina\u2019s van derden, of daar onrechtstreeks naar verwijzen. Het plaatsen van links naar deze websites of pagina\u2019s impliceert op geen enkele wijze een impliciete goedkeuring van de inhoud ervan.<\/p>\n<p><em>Travoli GCV\u00a0<\/em>verklaart uitdrukkelijk dat zij geen zeggenschap heeft over de inhoud of over andere kenmerken van deze websites en kan in geen geval aansprakelijk gehouden worden voor de inhoud of de kenmerken ervan of voor enige andere vorm van schade door het gebruik ervan.<\/p>\n<h3><strong>Toepasselijk recht en bevoegde rechtbanken<\/strong><\/h3>\n<p>Het Belgisch recht is van toepassing op deze site. In geval van een geschil zijn enkel de rechtbanken van het arrondissement Brussel bevoegd<\/p>\n<h3><strong>Privacybeleid<\/strong><\/h3>\n<p><em>Travoli GCV<\/em> hecht belang aan uw privacy. In geval de gebruiker van de website om persoonlijke informatie gevraagd wordt:<br \/>De verantwoordelijke voor de verwerking,<em>\u00a0Travoli GCV, Nachtegaalslaan 26, 1820 Melsbroek, privacy@travoli.eu,<\/em>\u00a0respecteert de Belgische wet van 8 december 1992 met betrekking tot de bescherming van het priv\u00e9leven in de verwerking van de persoonlijke gegevens.<\/p>\n<p>De door u meegedeelde persoonsgegevens zullen gebruikt worden voor volgende doeleinden: ons klantenbeheer en de verwerking van bestellingen.<\/p>\n<p>U beschikt over een wettelijk recht op inzage en eventuele correctie van uw persoonsgegevens. Mits bewijs van identiteit (kopie identiteitskaart) kunt u via een schriftelijke, gedateerde en ondertekende aanvraag aan\u00a0<em>Travoli GCV, Nachtegaalslaan 26, 1820 Melsbroek, privacy@travoli.eu<\/em>, gratis de schriftelijke mededeling bekomen van uw persoonsgegevens. Indien nodig kunt u ook vragen de gegevens te corrigeren die onjuist, niet volledig of niet pertinent zouden zijn.<\/p>\n<p>In geval van gebruik van gegevens voor direct marketing: U kan zich kosteloos verzetten tegen het gebruik van uw gegevens voor direct marketing. Hiertoe kan U zich steeds richten tot\u00a0<em> Travoli GCV, Nachtegaalslaan 26, 1820 Melsbroek, privacy@travoli.eu<\/em>.<\/p>\n<p>Uw persoonsgegevens zullen niet worden doorgegeven aan derden.<\/p>\n<p><em>Travoli GCV\u00a0<\/em>kan anonieme of geaggregeerde gegevens verzamelen van niet-persoonlijke aard, zoals browser type of IP-adres, het besturingsprogramma dat u gebruikt of de domeinnaam van de website langs waar u naar onze website gekomen bent, of waarlangs u die verlaat. Dit maakt het ons mogelijk onze website permanent te optimaliseren voor de gebruikers.<br \/><strong style=\"font-size: 22px;\"><br \/>Het gebruik van \u201ccookies&#8221;<br \/><\/strong><\/p>\n<p>Deze website maakt enkel gebruik van noodzakelijke cookies.<\/p>\n<p><strong style=\"font-size: 22px;\">Beheer en beveiliging van persoonlijke gegevens van Europese burgers (GDPR of AVG)<\/strong><\/p>\n<p><strong style=\"font-size: 22px;\"><\/strong><\/p>\n<p>Meer info zie onderstaande link:<\/p>\n<p>https:\/\/www.vlaanderen.be\/uw-overheid\/werking-en-structuur\/hoe-werkt-de-vlaamse-overheid\/beheer-en-beveiliging-van-persoonlijke-gegevens-van-europese-burgers-gdpr-of-avg<\/p>\n<\/div>\n<\/article>\n<\/div>\n<\/div>\n<\/div>\n<footer id=\"colophon\" class=\"site-footer\" role=\"contentinfo\">\n<div class=\"col-full\">\n<section class=\"footer-widgets col-3 fix\">\n<section class=\"block footer-widget-1\">\n<aside id=\"bpfwp_contact_card_widget-3\" class=\"widget widget_bpfwp_contact_card_widget\">\n<address class=\"bp-contact-card\">\u00a0<\/address>\n<\/aside>\n<\/section>\n<\/section>\n<\/div>\n<\/footer>\n<\/div>\n<div id=\"cookie-law-info-bar\"><\/div>\n<p>[\/et_pb_text][\/et_pb_column][\/et_pb_row][\/et_pb_section]<\/p>\n","protected":false},"excerpt":{"rendered":"<p>\u00a0 Travoli GCV Website Disclaimer &amp; Privacy &nbsp; Adresgegevens : Travoli GCV Nachtegaalslaan 261820 Melsbroek Ondernemingsnummer:\u00a0 BE 0653 905 308 Door de toegang tot en het gebruik van de website verklaart u zich uitdrukkelijk akkoord met de volgende algemene voorwaarden. Intellectuele eigendomsrechten De inhoud van deze site, met inbegrip van de merken, logo\u2019s, tekeningen, data, [&hellip;]<\/p>\n","protected":false},"author":1,"featured_media":0,"parent":0,"menu_order":0,"comment_status":"closed","ping_status":"closed","template":"","meta":{"_et_pb_use_builder":"on","_et_pb_old_content":"","_et_gb_content_width":"","footnotes":""},"class_list":["post-820","page","type-page","status-publish","hentry"],"yoast_head":"<!-- This site is optimized with the Yoast SEO Premium plugin v27.6 (Yoast SEO v27.6) - https:\/\/yoast.com\/product\/yoast-seo-premium-wordpress\/ -->\n<title>Disclaimer - Liliana Voicu interpret \u0219i traduc\u0103tor autorizat olandez\u0103-rom\u00e2n\u0103.<\/title>\n<meta name=\"description\" content=\"Buna ziua, m\u0103 numesc Liliana Voicu, sunt interpret \u0219i traduc\u0103tor autorizat olandez\u0103 rom\u00e2n\u0103. Fac traduceri pentru justi\u021bie, poli\u021bie \u0219i alte instan\u021be oficiale, dar \u0219i in particular. Sunt specializat\u0103 \u0219i \u00een traduceri legalizate de: certificate de na\u0219tere, diplome, certificate de c\u0103s\u0103torie \u0219i alte documente oficiale.\" \/>\n<meta name=\"robots\" content=\"noindex, follow\" \/>\n<meta property=\"og:locale\" content=\"ro_RO\" \/>\n<meta property=\"og:type\" content=\"article\" \/>\n<meta property=\"og:title\" content=\"Disclaimer\" \/>\n<meta property=\"og:description\" content=\"Buna ziua, m\u0103 numesc Liliana Voicu, sunt interpret \u0219i traduc\u0103tor autorizat olandez\u0103 rom\u00e2n\u0103. Fac traduceri pentru justi\u021bie, poli\u021bie \u0219i alte instan\u021be oficiale, dar \u0219i in particular. Sunt specializat\u0103 \u0219i \u00een traduceri legalizate de: certificate de na\u0219tere, diplome, certificate de c\u0103s\u0103torie \u0219i alte documente oficiale.\" \/>\n<meta property=\"og:url\" content=\"https:\/\/www.travoli.eu\/ro\/disclaimer\/\" \/>\n<meta property=\"og:site_name\" content=\"Travoli GCV\" \/>\n<meta property=\"article:publisher\" content=\"https:\/\/www.facebook.com\/traduceri.LilianaVoicu\/\" \/>\n<meta property=\"article:modified_time\" content=\"2022-06-12T12:40:22+00:00\" \/>\n<meta name=\"twitter:card\" content=\"summary_large_image\" \/>\n<meta name=\"twitter:label1\" content=\"Timp estimat pentru citire\" \/>\n\t<meta name=\"twitter:data1\" content=\"4 minute\" \/>\n<script type=\"application\/ld+json\" class=\"yoast-schema-graph\">{\"@context\":\"https:\\\/\\\/schema.org\",\"@graph\":[{\"@type\":\"WebPage\",\"@id\":\"https:\\\/\\\/www.travoli.eu\\\/ro\\\/disclaimer\\\/\",\"url\":\"https:\\\/\\\/www.travoli.eu\\\/ro\\\/disclaimer\\\/\",\"name\":\"Disclaimer - Liliana Voicu interpret \u0219i traduc\u0103tor autorizat olandez\u0103-rom\u00e2n\u0103.\",\"isPartOf\":{\"@id\":\"https:\\\/\\\/www.travoli.eu\\\/ro\\\/#website\"},\"datePublished\":\"2018-05-19T22:38:19+00:00\",\"dateModified\":\"2022-06-12T12:40:22+00:00\",\"description\":\"Buna ziua, m\u0103 numesc Liliana Voicu, sunt interpret \u0219i traduc\u0103tor autorizat olandez\u0103 rom\u00e2n\u0103. Fac traduceri pentru justi\u021bie, poli\u021bie \u0219i alte instan\u021be oficiale, dar \u0219i in particular. Sunt specializat\u0103 \u0219i \u00een traduceri legalizate de: certificate de na\u0219tere, diplome, certificate de c\u0103s\u0103torie \u0219i alte documente oficiale.\",\"breadcrumb\":{\"@id\":\"https:\\\/\\\/www.travoli.eu\\\/ro\\\/disclaimer\\\/#breadcrumb\"},\"inLanguage\":\"ro-RO\",\"potentialAction\":[{\"@type\":\"ReadAction\",\"target\":[\"https:\\\/\\\/www.travoli.eu\\\/ro\\\/disclaimer\\\/\"]}]},{\"@type\":\"BreadcrumbList\",\"@id\":\"https:\\\/\\\/www.travoli.eu\\\/ro\\\/disclaimer\\\/#breadcrumb\",\"itemListElement\":[{\"@type\":\"ListItem\",\"position\":1,\"name\":\"Intro\",\"item\":\"https:\\\/\\\/www.travoli.eu\\\/ro\\\/\"},{\"@type\":\"ListItem\",\"position\":2,\"name\":\"Disclaimer\"}]},{\"@type\":\"WebSite\",\"@id\":\"https:\\\/\\\/www.travoli.eu\\\/ro\\\/#website\",\"url\":\"https:\\\/\\\/www.travoli.eu\\\/ro\\\/\",\"name\":\"Travoli\",\"description\":\"Interpret \u0219i traduc\u0103tor autorizat olandez\u0103 rom\u00e2n\u0103 - Liliana Voicu - Be\u00ebdigd tolk en vertaler Roemeens Nederlands\",\"publisher\":{\"@id\":\"https:\\\/\\\/www.travoli.eu\\\/ro\\\/#organization\"},\"potentialAction\":[{\"@type\":\"SearchAction\",\"target\":{\"@type\":\"EntryPoint\",\"urlTemplate\":\"https:\\\/\\\/www.travoli.eu\\\/ro\\\/?s={search_term_string}\"},\"query-input\":{\"@type\":\"PropertyValueSpecification\",\"valueRequired\":true,\"valueName\":\"search_term_string\"}}],\"inLanguage\":\"ro-RO\"},{\"@type\":\"Organization\",\"@id\":\"https:\\\/\\\/www.travoli.eu\\\/ro\\\/#organization\",\"name\":\"Travoli GCV\",\"url\":\"https:\\\/\\\/www.travoli.eu\\\/ro\\\/\",\"logo\":{\"@type\":\"ImageObject\",\"inLanguage\":\"ro-RO\",\"@id\":\"https:\\\/\\\/www.travoli.eu\\\/ro\\\/#\\\/schema\\\/logo\\\/image\\\/\",\"url\":\"https:\\\/\\\/www.travoli.eu\\\/wp-content\\\/uploads\\\/2018\\\/03\\\/visitekaartje.jpg\",\"contentUrl\":\"https:\\\/\\\/www.travoli.eu\\\/wp-content\\\/uploads\\\/2018\\\/03\\\/visitekaartje.jpg\",\"width\":1004,\"height\":649,\"caption\":\"Travoli GCV\"},\"image\":{\"@id\":\"https:\\\/\\\/www.travoli.eu\\\/ro\\\/#\\\/schema\\\/logo\\\/image\\\/\"},\"sameAs\":[\"https:\\\/\\\/www.facebook.com\\\/traduceri.LilianaVoicu\\\/\"]}]}<\/script>\n<!-- \/ Yoast SEO Premium plugin. -->","yoast_head_json":{"title":"Disclaimer - Liliana Voicu interpret \u0219i traduc\u0103tor autorizat olandez\u0103-rom\u00e2n\u0103.","description":"Buna ziua, m\u0103 numesc Liliana Voicu, sunt interpret \u0219i traduc\u0103tor autorizat olandez\u0103 rom\u00e2n\u0103. Fac traduceri pentru justi\u021bie, poli\u021bie \u0219i alte instan\u021be oficiale, dar \u0219i in particular. Sunt specializat\u0103 \u0219i \u00een traduceri legalizate de: certificate de na\u0219tere, diplome, certificate de c\u0103s\u0103torie \u0219i alte documente oficiale.","robots":{"index":"noindex","follow":"follow"},"og_locale":"ro_RO","og_type":"article","og_title":"Disclaimer","og_description":"Buna ziua, m\u0103 numesc Liliana Voicu, sunt interpret \u0219i traduc\u0103tor autorizat olandez\u0103 rom\u00e2n\u0103. Fac traduceri pentru justi\u021bie, poli\u021bie \u0219i alte instan\u021be oficiale, dar \u0219i in particular. Sunt specializat\u0103 \u0219i \u00een traduceri legalizate de: certificate de na\u0219tere, diplome, certificate de c\u0103s\u0103torie \u0219i alte documente oficiale.","og_url":"https:\/\/www.travoli.eu\/ro\/disclaimer\/","og_site_name":"Travoli GCV","article_publisher":"https:\/\/www.facebook.com\/traduceri.LilianaVoicu\/","article_modified_time":"2022-06-12T12:40:22+00:00","twitter_card":"summary_large_image","twitter_misc":{"Timp estimat pentru citire":"4 minute"},"schema":{"@context":"https:\/\/schema.org","@graph":[{"@type":"WebPage","@id":"https:\/\/www.travoli.eu\/ro\/disclaimer\/","url":"https:\/\/www.travoli.eu\/ro\/disclaimer\/","name":"Disclaimer - Liliana Voicu interpret \u0219i traduc\u0103tor autorizat olandez\u0103-rom\u00e2n\u0103.","isPartOf":{"@id":"https:\/\/www.travoli.eu\/ro\/#website"},"datePublished":"2018-05-19T22:38:19+00:00","dateModified":"2022-06-12T12:40:22+00:00","description":"Buna ziua, m\u0103 numesc Liliana Voicu, sunt interpret \u0219i traduc\u0103tor autorizat olandez\u0103 rom\u00e2n\u0103. Fac traduceri pentru justi\u021bie, poli\u021bie \u0219i alte instan\u021be oficiale, dar \u0219i in particular. Sunt specializat\u0103 \u0219i \u00een traduceri legalizate de: certificate de na\u0219tere, diplome, certificate de c\u0103s\u0103torie \u0219i alte documente oficiale.","breadcrumb":{"@id":"https:\/\/www.travoli.eu\/ro\/disclaimer\/#breadcrumb"},"inLanguage":"ro-RO","potentialAction":[{"@type":"ReadAction","target":["https:\/\/www.travoli.eu\/ro\/disclaimer\/"]}]},{"@type":"BreadcrumbList","@id":"https:\/\/www.travoli.eu\/ro\/disclaimer\/#breadcrumb","itemListElement":[{"@type":"ListItem","position":1,"name":"Intro","item":"https:\/\/www.travoli.eu\/ro\/"},{"@type":"ListItem","position":2,"name":"Disclaimer"}]},{"@type":"WebSite","@id":"https:\/\/www.travoli.eu\/ro\/#website","url":"https:\/\/www.travoli.eu\/ro\/","name":"Travoli","description":"Interpret \u0219i traduc\u0103tor autorizat olandez\u0103 rom\u00e2n\u0103 - Liliana Voicu - Be\u00ebdigd tolk en vertaler Roemeens Nederlands","publisher":{"@id":"https:\/\/www.travoli.eu\/ro\/#organization"},"potentialAction":[{"@type":"SearchAction","target":{"@type":"EntryPoint","urlTemplate":"https:\/\/www.travoli.eu\/ro\/?s={search_term_string}"},"query-input":{"@type":"PropertyValueSpecification","valueRequired":true,"valueName":"search_term_string"}}],"inLanguage":"ro-RO"},{"@type":"Organization","@id":"https:\/\/www.travoli.eu\/ro\/#organization","name":"Travoli GCV","url":"https:\/\/www.travoli.eu\/ro\/","logo":{"@type":"ImageObject","inLanguage":"ro-RO","@id":"https:\/\/www.travoli.eu\/ro\/#\/schema\/logo\/image\/","url":"https:\/\/www.travoli.eu\/wp-content\/uploads\/2018\/03\/visitekaartje.jpg","contentUrl":"https:\/\/www.travoli.eu\/wp-content\/uploads\/2018\/03\/visitekaartje.jpg","width":1004,"height":649,"caption":"Travoli GCV"},"image":{"@id":"https:\/\/www.travoli.eu\/ro\/#\/schema\/logo\/image\/"},"sameAs":["https:\/\/www.facebook.com\/traduceri.LilianaVoicu\/"]}]}},"_links":{"self":[{"href":"https:\/\/www.travoli.eu\/ro\/wp-json\/wp\/v2\/pages\/820","targetHints":{"allow":["GET"]}}],"collection":[{"href":"https:\/\/www.travoli.eu\/ro\/wp-json\/wp\/v2\/pages"}],"about":[{"href":"https:\/\/www.travoli.eu\/ro\/wp-json\/wp\/v2\/types\/page"}],"author":[{"embeddable":true,"href":"https:\/\/www.travoli.eu\/ro\/wp-json\/wp\/v2\/users\/1"}],"replies":[{"embeddable":true,"href":"https:\/\/www.travoli.eu\/ro\/wp-json\/wp\/v2\/comments?post=820"}],"version-history":[{"count":4,"href":"https:\/\/www.travoli.eu\/ro\/wp-json\/wp\/v2\/pages\/820\/revisions"}],"predecessor-version":[{"id":3760,"href":"https:\/\/www.travoli.eu\/ro\/wp-json\/wp\/v2\/pages\/820\/revisions\/3760"}],"wp:attachment":[{"href":"https:\/\/www.travoli.eu\/ro\/wp-json\/wp\/v2\/media?parent=820"}],"curies":[{"name":"wp","href":"https:\/\/api.w.org\/{rel}","templated":true}]}}