{"id":1533,"date":"2021-04-09T23:53:14","date_gmt":"2021-04-09T21:53:14","guid":{"rendered":"https:\/\/www.travoli.eu\/?page_id=1533"},"modified":"2021-04-10T11:00:47","modified_gmt":"2021-04-10T09:00:47","slug":"intro","status":"publish","type":"page","link":"https:\/\/www.travoli.eu\/ro\/intro\/","title":{"rendered":"Intro"},"content":{"rendered":"<p>[et_pb_section fb_built=&#8221;1&#8243; _builder_version=&#8221;3.22&#8243; background_color=&#8221;#000000&#8243; use_background_color_gradient=&#8221;on&#8221; background_color_gradient_start=&#8221;#000000&#8243; background_color_gradient_end=&#8221;#000000&#8243; max_width_tablet=&#8221;&#8221; max_width_phone=&#8221;100%&#8221; max_width_last_edited=&#8221;on|phone&#8221; module_alignment=&#8221;center&#8221; custom_padding=&#8221;40px|0px|10px|0px|false|false&#8221;][et_pb_row _builder_version=&#8221;3.25&#8243; background_color=&#8221;#000000&#8243; background_size=&#8221;initial&#8221; background_position=&#8221;top_left&#8221; background_repeat=&#8221;repeat&#8221; module_alignment=&#8221;center&#8221; custom_padding=&#8221;0|0px|0|0|false|false&#8221;][et_pb_column type=&#8221;4_4&#8243; _builder_version=&#8221;3.25&#8243; background_color=&#8221;#000000&#8243; custom_padding=&#8221;|||&#8221; custom_padding__hover=&#8221;|||&#8221;][et_pb_text _builder_version=&#8221;3.27.4&#8243; text_font=&#8221;||||||||&#8221; text_text_color=&#8221;#ffffff&#8221; text_font_size=&#8221;12px&#8221; header_font=&#8221;|300|||||||&#8221; header_text_align=&#8221;center&#8221; header_text_color=&#8221;#ffffff&#8221; header_font_size=&#8221;34px&#8221; custom_margin=&#8221;|||0px&#8221; text_font_size_tablet=&#8221;10px&#8221; text_font_size_phone=&#8221;8px&#8221; text_font_size_last_edited=&#8221;on|phone&#8221; header_font_size_tablet=&#8221;20px&#8221; header_font_size_phone=&#8221;20px&#8221; header_font_size_last_edited=&#8221;on|phone&#8221;]<\/p>\n<h1>Liliana Voicu interpret \u0219i traduc\u0103tor autorizat olandez\u0103 rom\u00e2n\u0103.<\/h1>\n<p>[\/et_pb_text][et_pb_gallery gallery_ids=&#8221;828,856,890&#8243; posts_number=&#8221;3&#8243; show_title_and_caption=&#8221;off&#8221; _builder_version=&#8221;3.19.5&#8243; pagination_font=&#8221;||||||||&#8221; max_width_tablet=&#8221;50%&#8221; max_width_phone=&#8221;25%&#8221; max_width_last_edited=&#8221;on|desktop&#8221; module_alignment=&#8221;center&#8221; custom_margin=&#8221;|0px||0px&#8221; custom_margin_tablet=&#8221;&#8221; custom_margin_phone=&#8221;&#8221; custom_margin_last_edited=&#8221;on|phone&#8221; border_radii_image=&#8221;on|8px|8px|8px|8px&#8221; min_height=&#8221;295.5px&#8221; custom_padding=&#8221;||0px|||&#8221;][\/et_pb_gallery][et_pb_text _builder_version=&#8221;3.27.4&#8243; text_font=&#8221;||||||||&#8221; text_font_size=&#8221;20px&#8221; min_height=&#8221;384px&#8221; text_font_size_tablet=&#8221;15px&#8221; text_font_size_phone=&#8221;&#8221; text_font_size_last_edited=&#8221;on|desktop&#8221; custom_padding=&#8221;0px|||||&#8221;]<\/p>\n<p><span style=\"color: #ffffff;\">Buna ziua,<\/span><br \/> <span style=\"color: #ffffff;\"> m\u0103 numesc Liliana Voicu, sunt interpret \u0219i traduc\u0103tor autorizat olandez\u0103 rom\u00e2n\u0103, rom\u00e2n\u0103 olandez\u0103.<\/span><br \/> <span style=\"color: #ffffff;\"> Fac traduceri pentru justi\u021bie, poli\u021bie \u0219i alte instan\u021be oficiale, dar \u0219i in particular.<\/span><br \/> <span style=\"color: #ffffff;\"> Sunt specializat\u0103 \u0219i \u00een traduceri legalizate de:<\/span><br \/> <span style=\"color: #ffffff;\"> certificate de na\u0219tere, diplome, certificate de c\u0103s\u0103torie \u0219i alte documente oficiale.<\/span><\/p>\n<p><span style=\"color: #ffffff;\">Pentru mai multe informa\u021bii, contacta\u021bi-m\u0103, \u00een partea de jos a paginii ve\u021bi g\u0103si detaliile mele de contact sau pute\u021bi utiliza<\/span> <a href=\"https:\/\/www.travoli.eu\/ro\/contact-ro\/\">pagina mea de contact.<br \/> <\/a><span style=\"color: #ffffff;\">Dac\u0103 dori\u021bi o ofert\u0103 pentru o traducere, trimite\u021bi documentele care urmeaz\u0103 s\u0103 fie traduse.<\/span><br \/> <span style=\"color: #ffffff;\">\u00cen acest fel v\u0103 pot da imediat un pre\u021b corect.<\/span><br \/> <a href=\"https:\/\/www.travoli.eu\/ro\/contact-ro\/\">Pagina de contact<\/a> <span style=\"color: #ffffff;\">are posibilitatea de a trimite ata\u0219amente\/documente.<\/span><\/p>\n<p><span style=\"color: #ffffff;\">Membru al asocia\u021biilor profesionale:<\/span><br \/> <a href=\"http:\/\/uptia.be\/\">http:\/\/uptia.be\/<br \/> <\/a><a href=\"http:\/\/www.lextra-lingua.be\/\">http:\/\/www.lextra-lingua.be\/<\/a><\/p>\n<p>[\/et_pb_text][\/et_pb_column][\/et_pb_row][\/et_pb_section]<\/p>\n","protected":false},"excerpt":{"rendered":"<p>Buna ziua, m\u0103 numesc Liliana Voicu, sunt interpret \u0219i traduc\u0103tor autorizat olandez\u0103 rom\u00e2n\u0103.<\/p>\n","protected":false},"author":1,"featured_media":828,"parent":0,"menu_order":0,"comment_status":"closed","ping_status":"closed","template":"","meta":{"_et_pb_use_builder":"on","_et_pb_old_content":"<p class=\"stijl11\"><span lang=\"nl-be\">Hallo,<br \/>mijn naam is Lili<\/span>ana Voicu, ik ben tolk en vertaler Roemeens-Nederlands, Nederlands-Roemeens.<br \/>Ik tolk en vertaal voor justitie, politie en andere offici\u00eble instanties alsook voor particulieren.<br \/>Ik ben eveneens gespecialiseerd in be\u00ebdigde en gelegaliseerde vertalingen:<br \/>geboorteakten, huwelijksakten, diploma's e.a. offici\u00eble documenten.<br \/><u><br \/>Beschikbaarheid offici\u00eble instanties:<\/u>\u00a0 24 uur op 24 uur, 7 dagen op 7 dagen.<\/p><p>Buna ziua,<br \/>m\u0103 numesc Liliana Voicu, sunt interpret \u0219i traduc\u0103tor olandez\u0103-rom\u00e2n\u0103, rom\u00e2n\u0103-olandez\u0103.<br \/>Fac traduceri pentru justi\u021bie, poli\u021bie \u0219i alte instan\u021be oficiale, dar \u0219i in particular.<br \/>Sunt specializat\u0103 \u0219i \u00een traduceri legalizate de:<br \/>certificate de na\u0219tere, diplome, certificate de c\u0103s\u0103torie \u0219i alte documente oficiale.<\/p>","_et_gb_content_width":"","footnotes":""},"class_list":["post-1533","page","type-page","status-publish","has-post-thumbnail","hentry"],"yoast_head":"<!-- This site is optimized with the Yoast SEO Premium plugin v27.0 (Yoast SEO v27.3) - https:\/\/yoast.com\/product\/yoast-seo-premium-wordpress\/ -->\n<title>Liliana Voicu interpret \u0219i traduc\u0103tor autorizat olandez\u0103 rom\u00e2n\u0103.<\/title>\n<meta name=\"description\" content=\"Buna ziua, m\u0103 numesc Liliana Voicu, sunt interpret \u0219i traduc\u0103tor autorizat olandez\u0103 rom\u00e2n\u0103. Fac traduceri pentru justi\u021bie, poli\u021bie \u0219i alte instan\u021be oficiale, dar \u0219i in particular. Sunt specializat\u0103 \u0219i \u00een traduceri legalizate de: certificate de na\u0219tere, diplome, certificate de c\u0103s\u0103torie \u0219i alte documente oficiale.\" \/>\n<meta name=\"robots\" content=\"index, follow, max-snippet:-1, max-image-preview:large, max-video-preview:-1\" \/>\n<link rel=\"canonical\" href=\"https:\/\/www.travoli.eu\/ro\/intro\/\" \/>\n<meta property=\"og:locale\" content=\"ro_RO\" \/>\n<meta property=\"og:type\" content=\"article\" \/>\n<meta property=\"og:title\" content=\"Intro\" \/>\n<meta property=\"og:description\" content=\"Buna ziua, m\u0103 numesc Liliana Voicu, sunt interpret \u0219i traduc\u0103tor autorizat olandez\u0103 rom\u00e2n\u0103. Fac traduceri pentru justi\u021bie, poli\u021bie \u0219i alte instan\u021be oficiale, dar \u0219i in particular. Sunt specializat\u0103 \u0219i \u00een traduceri legalizate de: certificate de na\u0219tere, diplome, certificate de c\u0103s\u0103torie \u0219i alte documente oficiale.\" \/>\n<meta property=\"og:url\" content=\"https:\/\/www.travoli.eu\/ro\/intro\/\" \/>\n<meta property=\"og:site_name\" content=\"Travoli GCV\" \/>\n<meta property=\"article:publisher\" content=\"https:\/\/www.facebook.com\/traduceri.LilianaVoicu\/\" \/>\n<meta property=\"article:modified_time\" content=\"2021-04-10T09:00:47+00:00\" \/>\n<meta property=\"og:image\" content=\"https:\/\/www.travoli.eu\/wp-content\/uploads\/2018\/03\/visitekaartje.jpg\" \/>\n\t<meta property=\"og:image:width\" content=\"1004\" \/>\n\t<meta property=\"og:image:height\" content=\"649\" \/>\n\t<meta property=\"og:image:type\" content=\"image\/jpeg\" \/>\n<meta name=\"twitter:card\" content=\"summary_large_image\" \/>\n<meta name=\"twitter:label1\" content=\"Timp estimat pentru citire\" \/>\n\t<meta name=\"twitter:data1\" content=\"2 minute\" \/>\n<script type=\"application\/ld+json\" class=\"yoast-schema-graph\">{\"@context\":\"https:\\\/\\\/schema.org\",\"@graph\":[{\"@type\":\"WebPage\",\"@id\":\"https:\\\/\\\/www.travoli.eu\\\/ro\\\/intro\\\/\",\"url\":\"https:\\\/\\\/www.travoli.eu\\\/ro\\\/intro\\\/\",\"name\":\"Liliana Voicu interpret \u0219i traduc\u0103tor autorizat olandez\u0103 rom\u00e2n\u0103.\",\"isPartOf\":{\"@id\":\"https:\\\/\\\/www.travoli.eu\\\/ro\\\/#website\"},\"primaryImageOfPage\":{\"@id\":\"https:\\\/\\\/www.travoli.eu\\\/ro\\\/intro\\\/#primaryimage\"},\"image\":{\"@id\":\"https:\\\/\\\/www.travoli.eu\\\/ro\\\/intro\\\/#primaryimage\"},\"thumbnailUrl\":\"https:\\\/\\\/www.travoli.eu\\\/wp-content\\\/uploads\\\/2018\\\/03\\\/visitekaartje.jpg\",\"datePublished\":\"2021-04-09T21:53:14+00:00\",\"dateModified\":\"2021-04-10T09:00:47+00:00\",\"description\":\"Buna ziua, m\u0103 numesc Liliana Voicu, sunt interpret \u0219i traduc\u0103tor autorizat olandez\u0103 rom\u00e2n\u0103. Fac traduceri pentru justi\u021bie, poli\u021bie \u0219i alte instan\u021be oficiale, dar \u0219i in particular. Sunt specializat\u0103 \u0219i \u00een traduceri legalizate de: certificate de na\u0219tere, diplome, certificate de c\u0103s\u0103torie \u0219i alte documente oficiale.\",\"breadcrumb\":{\"@id\":\"https:\\\/\\\/www.travoli.eu\\\/ro\\\/intro\\\/#breadcrumb\"},\"inLanguage\":\"ro-RO\",\"potentialAction\":[{\"@type\":\"ReadAction\",\"target\":[\"https:\\\/\\\/www.travoli.eu\\\/ro\\\/intro\\\/\"]}]},{\"@type\":\"ImageObject\",\"inLanguage\":\"ro-RO\",\"@id\":\"https:\\\/\\\/www.travoli.eu\\\/ro\\\/intro\\\/#primaryimage\",\"url\":\"https:\\\/\\\/www.travoli.eu\\\/wp-content\\\/uploads\\\/2018\\\/03\\\/visitekaartje.jpg\",\"contentUrl\":\"https:\\\/\\\/www.travoli.eu\\\/wp-content\\\/uploads\\\/2018\\\/03\\\/visitekaartje.jpg\",\"width\":1004,\"height\":649,\"caption\":\"Liliana Voicu interpret \u0219i traduc\u0103tor autorizat olandez\u0103 rom\u00e2n\u0103 business card\"},{\"@type\":\"BreadcrumbList\",\"@id\":\"https:\\\/\\\/www.travoli.eu\\\/ro\\\/intro\\\/#breadcrumb\",\"itemListElement\":[{\"@type\":\"ListItem\",\"position\":1,\"name\":\"Intro\",\"item\":\"https:\\\/\\\/www.travoli.eu\\\/ro\\\/\"},{\"@type\":\"ListItem\",\"position\":2,\"name\":\"Intro\"}]},{\"@type\":\"WebSite\",\"@id\":\"https:\\\/\\\/www.travoli.eu\\\/ro\\\/#website\",\"url\":\"https:\\\/\\\/www.travoli.eu\\\/ro\\\/\",\"name\":\"Travoli\",\"description\":\"Interpret \u0219i traduc\u0103tor autorizat olandez\u0103 rom\u00e2n\u0103 - Liliana Voicu - Be\u00ebdigd tolk en vertaler Roemeens Nederlands\",\"publisher\":{\"@id\":\"https:\\\/\\\/www.travoli.eu\\\/ro\\\/#organization\"},\"potentialAction\":[{\"@type\":\"SearchAction\",\"target\":{\"@type\":\"EntryPoint\",\"urlTemplate\":\"https:\\\/\\\/www.travoli.eu\\\/ro\\\/?s={search_term_string}\"},\"query-input\":{\"@type\":\"PropertyValueSpecification\",\"valueRequired\":true,\"valueName\":\"search_term_string\"}}],\"inLanguage\":\"ro-RO\"},{\"@type\":\"Organization\",\"@id\":\"https:\\\/\\\/www.travoli.eu\\\/ro\\\/#organization\",\"name\":\"Travoli GCV\",\"url\":\"https:\\\/\\\/www.travoli.eu\\\/ro\\\/\",\"logo\":{\"@type\":\"ImageObject\",\"inLanguage\":\"ro-RO\",\"@id\":\"https:\\\/\\\/www.travoli.eu\\\/ro\\\/#\\\/schema\\\/logo\\\/image\\\/\",\"url\":\"https:\\\/\\\/www.travoli.eu\\\/wp-content\\\/uploads\\\/2018\\\/03\\\/visitekaartje.jpg\",\"contentUrl\":\"https:\\\/\\\/www.travoli.eu\\\/wp-content\\\/uploads\\\/2018\\\/03\\\/visitekaartje.jpg\",\"width\":1004,\"height\":649,\"caption\":\"Travoli GCV\"},\"image\":{\"@id\":\"https:\\\/\\\/www.travoli.eu\\\/ro\\\/#\\\/schema\\\/logo\\\/image\\\/\"},\"sameAs\":[\"https:\\\/\\\/www.facebook.com\\\/traduceri.LilianaVoicu\\\/\"]}]}<\/script>\n<!-- \/ Yoast SEO Premium plugin. -->","yoast_head_json":{"title":"Liliana Voicu interpret \u0219i traduc\u0103tor autorizat olandez\u0103 rom\u00e2n\u0103.","description":"Buna ziua, m\u0103 numesc Liliana Voicu, sunt interpret \u0219i traduc\u0103tor autorizat olandez\u0103 rom\u00e2n\u0103. Fac traduceri pentru justi\u021bie, poli\u021bie \u0219i alte instan\u021be oficiale, dar \u0219i in particular. Sunt specializat\u0103 \u0219i \u00een traduceri legalizate de: certificate de na\u0219tere, diplome, certificate de c\u0103s\u0103torie \u0219i alte documente oficiale.","robots":{"index":"index","follow":"follow","max-snippet":"max-snippet:-1","max-image-preview":"max-image-preview:large","max-video-preview":"max-video-preview:-1"},"canonical":"https:\/\/www.travoli.eu\/ro\/intro\/","og_locale":"ro_RO","og_type":"article","og_title":"Intro","og_description":"Buna ziua, m\u0103 numesc Liliana Voicu, sunt interpret \u0219i traduc\u0103tor autorizat olandez\u0103 rom\u00e2n\u0103. Fac traduceri pentru justi\u021bie, poli\u021bie \u0219i alte instan\u021be oficiale, dar \u0219i in particular. Sunt specializat\u0103 \u0219i \u00een traduceri legalizate de: certificate de na\u0219tere, diplome, certificate de c\u0103s\u0103torie \u0219i alte documente oficiale.","og_url":"https:\/\/www.travoli.eu\/ro\/intro\/","og_site_name":"Travoli GCV","article_publisher":"https:\/\/www.facebook.com\/traduceri.LilianaVoicu\/","article_modified_time":"2021-04-10T09:00:47+00:00","og_image":[{"width":1004,"height":649,"url":"https:\/\/www.travoli.eu\/wp-content\/uploads\/2018\/03\/visitekaartje.jpg","type":"image\/jpeg"}],"twitter_card":"summary_large_image","twitter_misc":{"Timp estimat pentru citire":"2 minute"},"schema":{"@context":"https:\/\/schema.org","@graph":[{"@type":"WebPage","@id":"https:\/\/www.travoli.eu\/ro\/intro\/","url":"https:\/\/www.travoli.eu\/ro\/intro\/","name":"Liliana Voicu interpret \u0219i traduc\u0103tor autorizat olandez\u0103 rom\u00e2n\u0103.","isPartOf":{"@id":"https:\/\/www.travoli.eu\/ro\/#website"},"primaryImageOfPage":{"@id":"https:\/\/www.travoli.eu\/ro\/intro\/#primaryimage"},"image":{"@id":"https:\/\/www.travoli.eu\/ro\/intro\/#primaryimage"},"thumbnailUrl":"https:\/\/www.travoli.eu\/wp-content\/uploads\/2018\/03\/visitekaartje.jpg","datePublished":"2021-04-09T21:53:14+00:00","dateModified":"2021-04-10T09:00:47+00:00","description":"Buna ziua, m\u0103 numesc Liliana Voicu, sunt interpret \u0219i traduc\u0103tor autorizat olandez\u0103 rom\u00e2n\u0103. Fac traduceri pentru justi\u021bie, poli\u021bie \u0219i alte instan\u021be oficiale, dar \u0219i in particular. Sunt specializat\u0103 \u0219i \u00een traduceri legalizate de: certificate de na\u0219tere, diplome, certificate de c\u0103s\u0103torie \u0219i alte documente oficiale.","breadcrumb":{"@id":"https:\/\/www.travoli.eu\/ro\/intro\/#breadcrumb"},"inLanguage":"ro-RO","potentialAction":[{"@type":"ReadAction","target":["https:\/\/www.travoli.eu\/ro\/intro\/"]}]},{"@type":"ImageObject","inLanguage":"ro-RO","@id":"https:\/\/www.travoli.eu\/ro\/intro\/#primaryimage","url":"https:\/\/www.travoli.eu\/wp-content\/uploads\/2018\/03\/visitekaartje.jpg","contentUrl":"https:\/\/www.travoli.eu\/wp-content\/uploads\/2018\/03\/visitekaartje.jpg","width":1004,"height":649,"caption":"Liliana Voicu interpret \u0219i traduc\u0103tor autorizat olandez\u0103 rom\u00e2n\u0103 business card"},{"@type":"BreadcrumbList","@id":"https:\/\/www.travoli.eu\/ro\/intro\/#breadcrumb","itemListElement":[{"@type":"ListItem","position":1,"name":"Intro","item":"https:\/\/www.travoli.eu\/ro\/"},{"@type":"ListItem","position":2,"name":"Intro"}]},{"@type":"WebSite","@id":"https:\/\/www.travoli.eu\/ro\/#website","url":"https:\/\/www.travoli.eu\/ro\/","name":"Travoli","description":"Interpret \u0219i traduc\u0103tor autorizat olandez\u0103 rom\u00e2n\u0103 - Liliana Voicu - Be\u00ebdigd tolk en vertaler Roemeens Nederlands","publisher":{"@id":"https:\/\/www.travoli.eu\/ro\/#organization"},"potentialAction":[{"@type":"SearchAction","target":{"@type":"EntryPoint","urlTemplate":"https:\/\/www.travoli.eu\/ro\/?s={search_term_string}"},"query-input":{"@type":"PropertyValueSpecification","valueRequired":true,"valueName":"search_term_string"}}],"inLanguage":"ro-RO"},{"@type":"Organization","@id":"https:\/\/www.travoli.eu\/ro\/#organization","name":"Travoli GCV","url":"https:\/\/www.travoli.eu\/ro\/","logo":{"@type":"ImageObject","inLanguage":"ro-RO","@id":"https:\/\/www.travoli.eu\/ro\/#\/schema\/logo\/image\/","url":"https:\/\/www.travoli.eu\/wp-content\/uploads\/2018\/03\/visitekaartje.jpg","contentUrl":"https:\/\/www.travoli.eu\/wp-content\/uploads\/2018\/03\/visitekaartje.jpg","width":1004,"height":649,"caption":"Travoli GCV"},"image":{"@id":"https:\/\/www.travoli.eu\/ro\/#\/schema\/logo\/image\/"},"sameAs":["https:\/\/www.facebook.com\/traduceri.LilianaVoicu\/"]}]}},"_links":{"self":[{"href":"https:\/\/www.travoli.eu\/ro\/wp-json\/wp\/v2\/pages\/1533","targetHints":{"allow":["GET"]}}],"collection":[{"href":"https:\/\/www.travoli.eu\/ro\/wp-json\/wp\/v2\/pages"}],"about":[{"href":"https:\/\/www.travoli.eu\/ro\/wp-json\/wp\/v2\/types\/page"}],"author":[{"embeddable":true,"href":"https:\/\/www.travoli.eu\/ro\/wp-json\/wp\/v2\/users\/1"}],"replies":[{"embeddable":true,"href":"https:\/\/www.travoli.eu\/ro\/wp-json\/wp\/v2\/comments?post=1533"}],"version-history":[{"count":0,"href":"https:\/\/www.travoli.eu\/ro\/wp-json\/wp\/v2\/pages\/1533\/revisions"}],"wp:featuredmedia":[{"embeddable":true,"href":"https:\/\/www.travoli.eu\/ro\/wp-json\/wp\/v2\/media\/828"}],"wp:attachment":[{"href":"https:\/\/www.travoli.eu\/ro\/wp-json\/wp\/v2\/media?parent=1533"}],"curies":[{"name":"wp","href":"https:\/\/api.w.org\/{rel}","templated":true}]}}